{"id":1916,"date":"2017-12-31T22:00:32","date_gmt":"2018-01-01T03:00:32","guid":{"rendered":"http:\/\/devocion.seminariobiblicocucuta.org\/?page_id=1916"},"modified":"2024-02-11T13:13:03","modified_gmt":"2024-02-11T18:13:03","slug":"autor-2","status":"publish","type":"page","link":"https:\/\/devocion.seminariobiblicocucuta.org\/index.php\/autor-2\/","title":{"rendered":"Autor"},"content":{"rendered":"<h2><img loading=\"lazy\" decoding=\"async\" width=\"207\" height=\"300\" class=\"size-medium wp-image-1975 alignnone\" style=\"float: left; margin-right: 12px; margin-bottom: 12px;\" src=\"https:\/\/devocion.seminariobiblicocucuta.org\/wp-content\/uploads\/2024\/02\/OswaldChambers-207x300.jpg\" alt=\"\" srcset=\"https:\/\/devocion.seminariobiblicocucuta.org\/wp-content\/uploads\/2024\/02\/OswaldChambers-207x300.jpg 207w, https:\/\/devocion.seminariobiblicocucuta.org\/wp-content\/uploads\/2024\/02\/OswaldChambers-41x60.jpg 41w, https:\/\/devocion.seminariobiblicocucuta.org\/wp-content\/uploads\/2024\/02\/OswaldChambers.jpg 241w\" sizes=\"(max-width: 207px) 100vw, 207px\" \/><a name=\"OC\"><\/a>\u00bfQui\u00e9n fue Oswald Chambers?<\/h2>\n<p>En su corta vida (24 de julio, 1874 \u2013 15 noviembre, 1917), Chambers fue evangelista y maestro de la denommargininaci\u00f3n bautista escoc\u00e9s y del Movimiento de la Santidad, y es ante todo conocido por el libro devocional <em>En Pos de lo Supremo<\/em>.<\/p>\n<h2>Juventud y educaci\u00f3n<\/h2>\n<p>Nacido de padres devotos en Aberdeen, Escocia, en 1876 Chambers se mud\u00f3 con su familia a Stoke-on-Trent cuando su padre, Clarence Chambers, se vincula a la Asociaci\u00f3n Bautista del lugar como evangelista de misiones locales, luego a Perth en Escocia, cuando su padre volvi\u00f3 al pastorado, y finalmente a Londres, cuando en 1889 Clarence fue contratado como secretario viajero de la Asociaci\u00f3n Bautista para la AbstinenciaTotal.<\/p>\n<p>A los 16 a\u00f1os, Oswald Chambers fue bautizado y miembro de la Capilla Bautista de Rye Lane. Incluso como adolescente, Chambers llam\u00f3 la atenci\u00f3n por su profunda espiritualidad; particip\u00f3 en la evangelizaci\u00f3n de los habitants pobres de los hogares de beneficiencia locales. Al mismo tiempo, Chambers tambi\u00e9n se mostr\u00f3 dotado tanto en m\u00fasica como en arte.<\/p>\n<p>De 1893 a 1895 Chambers estudi\u00f3 en la Escuela Nacional de Educaci\u00f3n Art\u00edstica, y se le ofreci\u00f3 una beca para continuar sus estudios, la que rechaz\u00f3. Los dos a\u00f1os siguientes continu\u00f3 el estudio del arte en la Universidad de Edinburgo, y en este per\u00edodo recibi\u00f3 una gran influencia por medio de las predicaciones de Alexander Whyte, pastor de la Iglesia Libre de San Jorge. Fue tambi\u00e9n en Edinburgo donde se sinti\u00f3 llamado al ministerio y parti\u00f3 para el Colegio Dunoon, una peque\u00f1a escuela de entrenamiento teol\u00f3gico cerca de Glasgow, fundada por el Rvdo. Duncan MacGregor.<\/p>\n<p>Pronto Chambers estaba impartiendo clases en la escuela y se encarg\u00f3 de una gran parte de la administraci\u00f3n cuando MacGregor sufri\u00f3 un accidente en 1898.<\/p>\n<h2>Compromiso religioso<\/h2>\n<p><span class=\"mw-editsection\"><span class=\"mw-editsection-bracket\">Durante el tiempo que pas\u00f3 ense\u00f1ando en Dunoon, Chambers fue influ\u00eddo por Richard Reader Harris, un prominente abogado litigante y fundador de la Liga Pentecostal de Oraci\u00f3n. En 1905, Reader introdujo Chambers como \u00abun orador nuevo de poder\u00edo excepcional\u00bb. Por medio de la Liga, Chambers tambi\u00e9n tuvo un encuentro con Juji Nakada, un evangelista del Movimiento de la Santidad, de Jap\u00f3n, quien estimul\u00f3 al creciento inter\u00e9s de Chambers en el evangelismo. <\/span><\/span>En 1906, Nakada y Chambers se embarcaron hacia Jap\u00f3n, v\u00eda Estados Unidos. En 1907, Chambers dedic\u00f3 un semestre ense\u00f1ando en la Escuela B\u00edblica de Dios, una instituci\u00f3n del la Santidad en Cincinnati, luego pas\u00f3 unos cuantos meses en Jap\u00f3n, trabajando con Charles Cowman, un cofundador de la Sociedad Misionera Oriental.<\/p>\n<p>A regresar a Britania al fin del a\u00f1o, Chambers encontr\u00f3 el Movimiento de la Santidad dividido entre los abogados y los oponentes a fundar una denominaci\u00f3n nueva y entre los que apoyaron y los que rechazaron al movimiento de hablar en lenguas. Chambers no se opuso a la glosolalia, pero critic\u00f3 a aquellos que la hicieron una prueba del bautismo en el Esp\u00edritu Santo.<\/p>\n<p>En 1908 Chambers viaj\u00f3 de Nuevo a Estados Unidos donde se hizo m\u00e1s familiar con Gertrude Hobbs, la hija de amigos, a la que hab\u00eda conocido por casualidad. Se casaron en mayo de 1910 y el 24 de mayo de 1913, Getrude (a la que Chambers cari\u00f1osamente llam\u00f3 \u201cBiddy\u201d) dio luz a su \u00fanica hija, Kathleen. Incluso antes de contraer matrimonio, Chambers hab\u00eda considerado una sociedad ministerial en la que Biddy \u2013la que pudo tomar un dictado en taquigraf\u00eda a 250 palabras por minuto- transcribiera con m\u00e1quina a sus sermones y lecciones.<\/p>\n<h2>Colegio de Entrenamiento B\u00edblico<\/h2>\n<p>Chambers fund\u00f3 y asumi\u00f3 la direcci\u00f3n del Colegio de Entrenamiento B\u00edblico de Clapham Common, cerca de Londres. en 1911. La sede estuvo en una propiedad de \u201celegancia embarazosa\u201d que hab\u00eda sido adquirido por la Liga Pentecostal de Oraci\u00f3n. Chambers no s\u00f3lo acomod\u00f3 a estudiantes de todas las edades, educaci\u00f3n y clase social, sino tambi\u00e9n a cualquier persona en necesidad, creyende que deb\u00eda \u201cdar a todo el que pide\u201d. Jam\u00e1s nadie fue rechazado de la puerta y lo que fuera que la persona pidi\u00f3, si dinero, un abrigo para el invierno, o una comida, fue dado. Entre 1911 y 1915, 106 estudiantes residentes asistieran al Colegio de Entrenamiento B\u00edblico, y a la fecha de julio 1915, cuarenta estaban sirviendo como misioneros.<\/p>\n<h2>Capell\u00e1n del YMCA<\/h2>\n<p>En 1915, un a\u00f1o luego de estallar la Primera Guerra Mundial, Chambers suspendi\u00f3 la operaci\u00f3n de la escuela y fue aceptado como capell\u00e1n del YMCA. Fue asignado a Zeitoun, Egipto, donde ministr\u00f3 a tropas de Australia y Nueva Zelanda, que posteriormente participaron en la Batalla de Gallipoli. Chambers elev\u00f3 el tono espiritual de un centro que tanto los militares como el YMCA vieron como una simple instituci\u00f3n de servicio social que deb\u00eda proveer alternativas saludables a los burdeles de Cairo. Cuando les coment\u00f3 a un grupo de colaboradores del YMCA que hab\u00eda decidido reemplazar a los conciertos y pel\u00edculas con clases de estudio b\u00edblico, le predijeron que los soldados desertar\u00edan de sus instalaciones. \u201cLo que los esc\u00e9pticos no hab\u00edan tomado en cuenta era la inusual atracci\u00f3n personal de Chambers, su don de oratoria, y su aut\u00e9ntica preocupaci\u00f3n por los hombres.\u201d Pronto su caba\u00f1a de madera se llen\u00f3 de centenares de soldados que escucharon atentamente a mensajes tales como \u201c\u00bfPor qu\u00e9 es buena la oraci\u00f3n?\u201d Confrontado por un soldado que dijo, \u201cNo puedo soportar a la gente religiosa\u201d, Chambers le contest\u00f3: \u00abNi yo tampoco.\u00bb<\/p>\n<p><a name=\"ymca\"><\/a>Chambers irritaba a sus superiors del YMCA porque siempre regal\u00f3 a los refrigerios que en opinion de la organizaci\u00f3n deb\u00edan ser vendidos para no despertar ningunas expectativas. Chambers instal\u00f3 una cajita para contribuciones, pero se rehus\u00f3 pedir a los soldados que pagaran por el t\u00e9 y los bizcochos.<\/p>\n<h2><span id=\"Death_and_influence\" class=\"mw-headline\">Muerte e influencia<\/span><\/h2>\n<p>El 17 de octubre de 1917, Chambers fue afectado por una appendicitis, pero se resisti\u00f3 a ir a un hospital con la raz\u00f3n que las camas fueran requeridas para los hombres heridos en la largamente esperada Tercera Batalla de Gaza. El 29 de octubre, un cirujano efectu\u00f3 una operaci\u00f3n de emergencia de extraer el ap\u00e9ndice, pero Chambers muri\u00f3 el 15 de noviembro de 1917 de una hemorragia pulmonaria. Fue sepultado en Cairo con plenos honores militares.<\/p>\n<p>Antes de morir, Chambers hab\u00eda revisado el manuscrito de su primer libro impreso, <em>Baffled to Fight Better, <\/em>un t\u00edtiulo que hab\u00eda tomado de una l\u00ednea favorite por Robert Browning. Durante el resto de su vida -e inicialmente en circunstancias bastante atenuantes- la viuda de Chambers transcribi\u00f3 y public\u00f3 libros y art\u00edculos editados de las notas que hab\u00eda tomado en taquigraf\u00eda durante los a\u00f1os del Colegio B\u00edblico y en Zeitoun.<\/p>\n<p>El m\u00e1s exitoso de los treinta libros es <strong>My Utmost for His Highest<\/strong> (1924), un devocional diario compuesto por 365 selecciones de las charlas de Chambers, cada uno con cerca de 500 palabras. La obra nunca se ha dejado de imprimir y fue traducida en 30 idiomas.<\/p>\n","protected":false},"excerpt":{"rendered":"<p>\u00bfQui\u00e9n fue Oswald Chambers? En su corta vida (24 de julio, 1874 \u2013 15 noviembre, 1917), Chambers fue evangelista y maestro de la denommargininaci\u00f3n bautista escoc\u00e9s y del Movimiento de la Santidad, y es ante todo conocido por el libro &hellip; <a href=\"https:\/\/devocion.seminariobiblicocucuta.org\/index.php\/autor-2\/\">Sigue leyendo <span class=\"meta-nav\">&rarr;<\/span><\/a><\/p>\n","protected":false},"author":1,"featured_media":0,"parent":0,"menu_order":0,"comment_status":"closed","ping_status":"closed","template":"","meta":{"footnotes":""},"_links":{"self":[{"href":"https:\/\/devocion.seminariobiblicocucuta.org\/index.php\/wp-json\/wp\/v2\/pages\/1916"}],"collection":[{"href":"https:\/\/devocion.seminariobiblicocucuta.org\/index.php\/wp-json\/wp\/v2\/pages"}],"about":[{"href":"https:\/\/devocion.seminariobiblicocucuta.org\/index.php\/wp-json\/wp\/v2\/types\/page"}],"author":[{"embeddable":true,"href":"https:\/\/devocion.seminariobiblicocucuta.org\/index.php\/wp-json\/wp\/v2\/users\/1"}],"replies":[{"embeddable":true,"href":"https:\/\/devocion.seminariobiblicocucuta.org\/index.php\/wp-json\/wp\/v2\/comments?post=1916"}],"version-history":[{"count":8,"href":"https:\/\/devocion.seminariobiblicocucuta.org\/index.php\/wp-json\/wp\/v2\/pages\/1916\/revisions"}],"predecessor-version":[{"id":2035,"href":"https:\/\/devocion.seminariobiblicocucuta.org\/index.php\/wp-json\/wp\/v2\/pages\/1916\/revisions\/2035"}],"wp:attachment":[{"href":"https:\/\/devocion.seminariobiblicocucuta.org\/index.php\/wp-json\/wp\/v2\/media?parent=1916"}],"curies":[{"name":"wp","href":"https:\/\/api.w.org\/{rel}","templated":true}]}}